{"id":21,"date":"2016-09-05T20:27:12","date_gmt":"2016-09-05T20:27:12","guid":{"rendered":"http:\/\/demos.famethemes.com\/screenr\/?page_id=21"},"modified":"2018-12-29T12:42:24","modified_gmt":"2018-12-29T11:42:24","slug":"mobile-apps-development","status":"publish","type":"page","link":"https:\/\/gepar.pl\/?page_id=21","title":{"rendered":"Ci\u0119cie plazmowe"},"content":{"rendered":"\n<p style=\"font-size:24px\"><strong>Ci\u0119cie plazmowe<\/strong>\u00a0<br><\/p>\n\n\n\n<p class=\"has-normal-font-size\">Proces ci\u0119cia metali\u00a0(stali, stop\u00f3w aluminium, stop\u00f3w miedzi itp.) przy zastosowaniu \u0142uku plazmowego.\u00a0Ci\u0119cie plazmowe prowadzone jest w spos\u00f3b zmechanizowany lub r\u0119czny. Procesy ci\u0119cia zmechanizowanego dotycz\u0105 ci\u0119cia przy zastosowaniu przecinarek CNC\u00a0lub robot\u00f3w przemys\u0142owych\u00a0\u0179r\u00f3d\u0142em ciep\u0142a topi\u0105cym metal jest \u0142uk plazmowy jarz\u0105cy si\u0119 mi\u0119dzy elektrod\u0105,\u00a0a materia\u0142em obrabianym.<\/p>\n\n\n\n<p class=\"has-normal-font-size\"><strong>Oferujemy ci\u0119cie przecinark\u0105 CNC blach o wymiarach 1500&#215;3000 mm oraz profili do wysoko\u015bci 150 mm.Realizujemy r\u00f3wnie\u017c ci\u0119cie profili i rur na pile ta\u015bmowej do \u015brednicy 340 mm. Wykonujemy elementy wed\u0142ug dostarczonych projekt\u00f3w lub opracowujemy projekt ci\u0119cia dla naszych klient\u00f3w.<\/strong><\/p>\n\n\n\n<ul class=\"wp-block-gallery columns-2 is-cropped wp-block-gallery-1 is-layout-flex\"><li class=\"blocks-gallery-item\"><figure><img decoding=\"async\" width=\"400\" height=\"280\" src=\"http:\/\/gepar.pl\/wp\/wordpress\/wp-content\/uploads\/2018\/12\/DSC_0013_400_280.jpg\" alt=\"\" data-id=\"1742\" data-link=\"http:\/\/gepar.pl\/wp\/wordpress\/?attachment_id=1742\" class=\"wp-image-1742\" srcset=\"https:\/\/gepar.pl\/wp-content\/uploads\/2018\/12\/DSC_0013_400_280.jpg 400w, https:\/\/gepar.pl\/wp-content\/uploads\/2018\/12\/DSC_0013_400_280-300x210.jpg 300w\" sizes=\"(max-width: 400px) 100vw, 400px\" \/><\/figure><\/li><li class=\"blocks-gallery-item\"><figure><img decoding=\"async\" width=\"400\" height=\"280\" src=\"http:\/\/gepar.pl\/wp\/wordpress\/wp-content\/uploads\/2018\/12\/DSC_0021_400_280.jpg\" alt=\"\" data-id=\"1743\" data-link=\"http:\/\/gepar.pl\/wp\/wordpress\/?attachment_id=1743\" class=\"wp-image-1743\" srcset=\"https:\/\/gepar.pl\/wp-content\/uploads\/2018\/12\/DSC_0021_400_280.jpg 400w, https:\/\/gepar.pl\/wp-content\/uploads\/2018\/12\/DSC_0021_400_280-300x210.jpg 300w\" sizes=\"(max-width: 400px) 100vw, 400px\" \/><\/figure><\/li><\/ul>\n","protected":false},"excerpt":{"rendered":"<p>Proces ci\u0119cia metali (stali, stop\u00f3w aluminium, stop\u00f3w miedzi itp.) przy zastosowaniu \u0142uku plazmowego.<\/p>\n","protected":false},"author":2,"featured_media":1348,"parent":0,"menu_order":0,"comment_status":"closed","ping_status":"closed","template":"","meta":{"ngg_post_thumbnail":0},"_links":{"self":[{"href":"https:\/\/gepar.pl\/index.php?rest_route=\/wp\/v2\/pages\/21"}],"collection":[{"href":"https:\/\/gepar.pl\/index.php?rest_route=\/wp\/v2\/pages"}],"about":[{"href":"https:\/\/gepar.pl\/index.php?rest_route=\/wp\/v2\/types\/page"}],"author":[{"embeddable":true,"href":"https:\/\/gepar.pl\/index.php?rest_route=\/wp\/v2\/users\/2"}],"replies":[{"embeddable":true,"href":"https:\/\/gepar.pl\/index.php?rest_route=%2Fwp%2Fv2%2Fcomments&post=21"}],"version-history":[{"count":16,"href":"https:\/\/gepar.pl\/index.php?rest_route=\/wp\/v2\/pages\/21\/revisions"}],"predecessor-version":[{"id":1744,"href":"https:\/\/gepar.pl\/index.php?rest_route=\/wp\/v2\/pages\/21\/revisions\/1744"}],"wp:featuredmedia":[{"embeddable":true,"href":"https:\/\/gepar.pl\/index.php?rest_route=\/wp\/v2\/media\/1348"}],"wp:attachment":[{"href":"https:\/\/gepar.pl\/index.php?rest_route=%2Fwp%2Fv2%2Fmedia&parent=21"}],"curies":[{"name":"wp","href":"https:\/\/api.w.org\/{rel}","templated":true}]}}